{"id":8635,"date":"2025-10-20T16:04:11","date_gmt":"2025-10-20T16:04:11","guid":{"rendered":"https:\/\/stepinsidelegal.com\/terminos-y-condiciones\/"},"modified":"2026-02-12T17:03:19","modified_gmt":"2026-02-12T17:03:19","slug":"terminos-y-condiciones","status":"publish","type":"page","link":"https:\/\/stepinsidelegal.com\/es\/terminos-y-condiciones\/","title":{"rendered":"T\u00e9rminos y condiciones"},"content":{"rendered":"\t\t<div data-elementor-type=\"wp-page\" data-elementor-id=\"8635\" class=\"elementor elementor-8635 elementor-7698\">\n\t\t\t\t<div class=\"elementor-element elementor-element-9df691c e-flex e-con-boxed e-con e-parent\" data-id=\"9df691c\" data-element_type=\"container\" data-e-type=\"container\" data-settings=\"{&quot;background_background&quot;:&quot;classic&quot;,&quot;shape_divider_bottom&quot;:&quot;triangle-asymmetrical&quot;}\">\n\t\t\t\t\t<div class=\"e-con-inner\">\n\t\t\t\t<div class=\"elementor-shape elementor-shape-bottom\" aria-hidden=\"true\" data-negative=\"false\">\n\t\t\t<svg xmlns=\"http:\/\/www.w3.org\/2000\/svg\" viewBox=\"0 0 1000 100\" preserveAspectRatio=\"none\">\n\t<path class=\"elementor-shape-fill\" d=\"M738,99l262-93V0H0v5.6L738,99z\"\/>\n<\/svg>\t\t<\/div>\n\t\t\t\t<div class=\"elementor-element elementor-element-825f943 elementor-widget elementor-widget-heading\" data-id=\"825f943\" data-element_type=\"widget\" data-e-type=\"widget\" data-widget_type=\"heading.default\">\n\t\t\t\t<div class=\"elementor-widget-container\">\n\t\t\t\t\t<h2 class=\"elementor-heading-title elementor-size-default\">T\u00e9rminos y condiciones<\/h2>\t\t\t\t<\/div>\n\t\t\t\t<\/div>\n\t\t\t\t<div class=\"elementor-element elementor-element-9ba2730 list-spacing2 elementor-widget elementor-widget-text-editor\" data-id=\"9ba2730\" data-element_type=\"widget\" data-e-type=\"widget\" data-widget_type=\"text-editor.default\">\n\t\t\t\t<div class=\"elementor-widget-container\">\n\t\t\t\t\t\t\t\t\t<p>Bienvenido al sitio web de Step Inside Legal (el \u00abSitio\u00bb). Estos t\u00e9rminos y condiciones establecen las normas y reglamentos para el uso del sitio web de Step Inside Legal, ubicado en www.stepinsidelegal.com. <\/p><p>Al acceder a este sitio web, asumimos que acepta estos t\u00e9rminos y condiciones en su totalidad. No contin\u00fae utilizando el sitio web de Step Inside Legal si no acepta todos los t\u00e9rminos y condiciones establecidos en esta p\u00e1gina. <\/p><p><strong>Licencia<\/strong><\/p><p>A menos que se indique lo contrario, STEPIN LEGAL &#8211; ADVOGADOS &amp; ASSOCIADOS &#8211; SOCIEDADE MULTIDISCIPLINAR, SP, LDA. y\/o sus licenciantes son propietarios de los derechos de propiedad intelectual de todo el material del sitio web de Step Inside Legal. Todos los derechos de propiedad intelectual est\u00e1n reservados. Puede ver y\/o imprimir p\u00e1ginas de www.stepinsidelegal.com para su uso personal, sujeto a las restricciones establecidas en estos t\u00e9rminos y condiciones.   <\/p><p>No debe:<\/p><ul><li>Republicar material <br>Vender, alquilar o sublicenciar material<\/li><\/ul><ul><li>Reproducir, duplicar o copiar material<\/li><\/ul><ul><li>Redistribuir contenido de Step Inside Legal (a menos que el contenido est\u00e9 espec\u00edficamente dise\u00f1ado para la redistribuci\u00f3n).<\/li><\/ul><p><strong>Uso aceptable<\/strong><\/p><p>No debe utilizar este sitio web de ninguna manera que cause, o pueda causar, da\u00f1os al sitio web o menoscabo de la disponibilidad o accesibilidad de www.stepinsidelegal.com, o de cualquier manera que sea ilegal, fraudulenta o perjudicial, o en relaci\u00f3n con cualquier prop\u00f3sito o actividad ilegal, fraudulenta o perjudicial.<\/p><p>No debe utilizar este sitio web para copiar, almacenar, alojar, transmitir, enviar, usar, publicar o distribuir ning\u00fan material que consista en (o est\u00e9 vinculado a) cualquier programa esp\u00eda, virus inform\u00e1tico, troyano, gusano, registrador de pulsaciones de teclas, rootkit u otro software inform\u00e1tico malicioso.<\/p><p>No debe llevar a cabo ninguna actividad sistem\u00e1tica o automatizada de recopilaci\u00f3n de datos (incluyendo, entre otras, el scraping, la miner\u00eda de datos, la extracci\u00f3n de datos y la recolecci\u00f3n de datos) en o con respecto a este sitio web sin el consentimiento expreso por escrito de Step Inside Legal.<\/p><p><strong>Contenido del usuario<\/strong><\/p><p>En estos t\u00e9rminos y condiciones, \u00absu contenido de usuario\u00bb significa material (incluyendo, entre otros, texto, im\u00e1genes, material de audio, material de v\u00eddeo y material audiovisual) que usted env\u00eda a este sitio web para cualquier prop\u00f3sito.<\/p><p>Usted otorga a Step Inside Legal una licencia mundial, irrevocable, no exclusiva y libre de regal\u00edas para usar, reproducir, adaptar, publicar, traducir y distribuir su contenido de usuario en cualquier medio existente o futuro. Tambi\u00e9n otorga a Step Inside Legal el derecho a sublicenciar estos derechos y el derecho a emprender acciones por infracci\u00f3n de estos derechos. <\/p><p>Su contenido de usuario no debe ser ilegal o il\u00edcito, no debe infringir los derechos legales de ning\u00fan tercero y no debe ser susceptible de dar lugar a acciones legales contra usted o STEPIN LEGAL &#8211; ADVOGADOS &amp; ASSOCIADOS &#8211; SOCIEDADE MULTIDISCIPLINAR, SP, LDA. o un tercero (en cada caso, en virtud de cualquier ley aplicable). <\/p><p>No debe enviar ning\u00fan contenido de usuario al sitio web que sea o haya sido objeto de cualquier procedimiento legal amenazado o real u otra reclamaci\u00f3n similar.<\/p><p>Step Inside Legal se reserva el derecho de editar o eliminar cualquier material enviado a este sitio web, o almacenado en los servidores de Step Inside Legal, o alojado o publicado en este sitio web.<\/p><p>Sin perjuicio de los derechos de Step Inside Legal en virtud de estos t\u00e9rminos y condiciones en relaci\u00f3n con el contenido del usuario, Step Inside Legal no se compromete a supervisar el env\u00edo de dicho contenido, ni la publicaci\u00f3n de dicho contenido en este sitio web.<\/p><p><strong>Limitaci\u00f3n de garant\u00edas<\/strong><\/p><p>Este sitio web se proporciona \u00abtal cual\u00bb sin ninguna representaci\u00f3n o garant\u00eda, expresa o impl\u00edcita. STEPIN LEGAL &#8211; ADVOGADOS &amp; ASSOCIADOS &#8211; SOCIEDADE MULTIDISCIPLINAR, SP, LDA. no hace ninguna representaci\u00f3n o garant\u00eda en relaci\u00f3n con este sitio web o la informaci\u00f3n y los materiales proporcionados en este sitio web.  <\/p><p>Sin perjuicio de la generalidad del p\u00e1rrafo anterior, Step Inside Legal no garantiza que:<\/p><ul><li>Este sitio web estar\u00e1 constantemente disponible, o disponible en absoluto; o<\/li><\/ul><ul><li>La informaci\u00f3n de este sitio web es completa, veraz, precisa o no enga\u00f1osa.<\/li><\/ul><ul><li>Nada en este sitio web constituye, o tiene la intenci\u00f3n de constituir, asesoramiento de ning\u00fan tipo. Si necesita asesoramiento en relaci\u00f3n con cualquier asunto legal, financiero o m\u00e9dico, debe consultar a un profesional adecuado. <\/li><\/ul><p><strong>Limitaciones de responsabilidad<\/strong><\/p><p>Step Inside Legal no ser\u00e1 responsable ante usted (ya sea en virtud de la ley de contacto, la ley de agravio o de otro modo) con respecto al contenido de, o el uso de, o de otro modo en relaci\u00f3n con, este sitio web:<\/p><ul><li>En la medida en que el sitio web se proporciona de forma gratuita, por cualquier p\u00e9rdida directa;<\/li><\/ul><ul><li>Por cualquier p\u00e9rdida indirecta, especial o consecuente; o<\/li><\/ul><ul><li>Por cualquier p\u00e9rdida de negocio, p\u00e9rdida de ingresos, ingresos, beneficios o ahorros anticipados, p\u00e9rdida de contratos o relaciones comerciales, p\u00e9rdida de reputaci\u00f3n o buena voluntad, o p\u00e9rdida o corrupci\u00f3n de informaci\u00f3n o datos.<\/li><\/ul><ul><li>Estas limitaciones de responsabilidad se aplican incluso si se ha informado expresamente a Step Inside Legal de la posible p\u00e9rdida.<\/li><\/ul><p><strong>Excepciones<\/strong><\/p><p>Nada en estos t\u00e9rminos y condiciones excluir\u00e1 o limitar\u00e1 ninguna garant\u00eda impl\u00edcita por la ley que ser\u00eda ilegal excluir o limitar; y nada en estos t\u00e9rminos y condiciones excluir\u00e1 o limitar\u00e1 la responsabilidad de Step Inside Legal con respecto a cualquier:<\/p><ul><li>Fraude o tergiversaci\u00f3n fraudulenta por parte de Step Inside Legal; o<\/li><\/ul><ul><li>Asunto que ser\u00eda ilegal o il\u00edcito para Step Inside Legal excluir o limitar, o intentar o pretender excluir o limitar, su responsabilidad.<\/li><\/ul><ul><li>Indemnizaci\u00f3n.<\/li><\/ul><ul><li>Por la presente, usted indemniza a Step Inside Legal y se compromete a mantener a Step Inside Legal indemnizado contra cualquier p\u00e9rdida, da\u00f1o, coste, responsabilidad y gasto (incluyendo, sin limitaci\u00f3n, los gastos legales y cualquier cantidad pagada por Step Inside Legal a un tercero en la liquidaci\u00f3n de una reclamaci\u00f3n o disputa por consejo de los asesores legales de Step Inside Legal) incurridos o sufridos por Step Inside Legal que surjan de cualquier incumplimiento por su parte de cualquier disposici\u00f3n de estos t\u00e9rminos y condiciones.<\/li><\/ul><p><strong>Incumplimientos de estos T\u00e9rminos y Condiciones<\/strong><\/p><p>Sin perjuicio de los dem\u00e1s derechos de Step Inside Legal en virtud de estos t\u00e9rminos y condiciones, si usted incumple estos t\u00e9rminos y condiciones de alguna manera, Step Inside Legal puede tomar las medidas que Step Inside Legal considere apropiadas para hacer frente al incumplimiento, incluyendo la suspensi\u00f3n de su acceso al sitio web, la prohibici\u00f3n de acceder al sitio web, el bloqueo de los ordenadores que utilizan su direcci\u00f3n IP para acceder al sitio web, la puesta en contacto con su proveedor de servicios de Internet para solicitar que bloquee su acceso al sitio web y\/o el inicio de acciones legales contra usted.<\/p><p><strong>Cambios<\/strong><\/p><p>Step Inside Legal puede revisar estos t\u00e9rminos y condiciones de vez en cuando. Los t\u00e9rminos y condiciones revisados se aplicar\u00e1n a su uso de este sitio web a partir de la fecha de publicaci\u00f3n de los t\u00e9rminos y condiciones revisados en este sitio web. Por favor, revise esta p\u00e1gina regularmente para asegurarse de que est\u00e1 familiarizado con la versi\u00f3n actual.  <\/p><p><strong>Cesi\u00f3n<\/strong><\/p><p>Step Inside Legal puede transferir, subcontratar o gestionar de otro modo sus derechos y\/u obligaciones en virtud de estos t\u00e9rminos y condiciones sin notificarle u obtener su consentimiento. Sin embargo, usted no puede transferir, subcontratar o gestionar de otro modo sus derechos y\/u obligaciones en virtud de estos t\u00e9rminos y condiciones. <\/p><p><strong>Divisibilidad<\/strong><\/p><p>Si una disposici\u00f3n de estos t\u00e9rminos y condiciones es determinada por cualquier tribunal u otra autoridad competente como ilegal y\/o inaplicable, las dem\u00e1s disposiciones seguir\u00e1n en vigor. Si cualquier disposici\u00f3n ilegal y\/o inaplicable fuera legal o aplicable si se eliminara parte de ella, esa parte se considerar\u00e1 eliminada, y el resto de la disposici\u00f3n seguir\u00e1 en vigor. <\/p><p><strong>Acuerdo completo<\/strong><\/p><p>Estos t\u00e9rminos y condiciones constituyen el acuerdo completo entre usted y Step Inside Legal en relaci\u00f3n con su uso de este sitio web y sustituyen a todos los acuerdos anteriores en relaci\u00f3n con su uso de este sitio web.<\/p><p><strong>Ley aplicable y jurisdicci\u00f3n<\/strong><\/p><p>Estos t\u00e9rminos y condiciones se regir\u00e1n e interpretar\u00e1n de acuerdo con las leyes de Portugal, y cualquier disputa relacionada con estos t\u00e9rminos y condiciones estar\u00e1 sujeta a la jurisdicci\u00f3n exclusiva de los tribunales de Portugal.<\/p><p><strong>Informaci\u00f3n de la empresa<\/strong><\/p><p>Este sitio web es propiedad y est\u00e1 operado por STEPIN LEGAL &#8211; ADVOGADOS &amp; ASSOCIADOS &#8211; SOCIEDADE MULTIDISCIPLINAR, SP, LDA. Estamos registrados en Portugal con el n\u00famero de registro 518885623. <\/p><p>Puede ponerse en contacto con nosotros:<\/p><ul><li>A trav\u00e9s de nuestro sitio web <a href=\"https:\/\/stepinsidelegal.com\/es\/contacto\/\"><strong>formulario de contacto<\/strong><\/a>;<\/li><\/ul><ul><li>Por tel\u00e9fono, al <a href=\"https:\/\/api.whatsapp.com\/send\/?phone=351913115747&amp;text&amp;type=phone_number&amp;app_absent=0\" target=\"_blank\" rel=\"noopener\"><strong>+351 913115747<\/strong><\/a>; o<\/li><\/ul><ul><li>Por correo electr\u00f3nico, a <strong><a href=\"mailto:info@stepinsidelegal.com\" target=\"_blank\" rel=\"noopener\">info@stepinsidelegal.com<\/a><\/strong>.<\/li><\/ul><p>Estos t\u00e9rminos se actualizaron por \u00faltima vez en noviembre de 2025.<\/p>\t\t\t\t\t\t\t\t<\/div>\n\t\t\t\t<\/div>\n\t\t\t\t\t<\/div>\n\t\t\t\t<\/div>\n\t\t\t\t<\/div>\n\t\t","protected":false},"excerpt":{"rendered":"<p>T\u00e9rminos y condiciones Bienvenido al sitio web de Step Inside Legal (el \u00abSitio\u00bb). Estos t\u00e9rminos y condiciones establecen las normas y reglamentos para el uso del sitio web de Step Inside Legal, ubicado en www.stepinsidelegal.com. Al acceder a este sitio web, asumimos que acepta estos t\u00e9rminos y condiciones en su totalidad. No contin\u00fae utilizando el [&hellip;]<\/p>\n","protected":false},"author":1,"featured_media":0,"parent":0,"menu_order":21,"comment_status":"closed","ping_status":"closed","template":"","meta":{"_acf_changed":false,"footnotes":""},"class_list":["post-8635","page","type-page","status-publish","hentry"],"acf":[],"yoast_head":"<!-- This site is optimized with the Yoast SEO plugin v27.0 - https:\/\/yoast.com\/product\/yoast-seo-wordpress\/ -->\n<title>T\u00e9rminos y Condiciones | Step Inside Legal<\/title>\n<meta name=\"description\" content=\"Lea los t\u00e9rminos y condiciones que rigen el uso del sitio web y los servicios de Step Inside Legal.\" \/>\n<meta name=\"robots\" content=\"noindex, follow\" \/>\n<meta property=\"og:locale\" content=\"es_ES\" \/>\n<meta property=\"og:type\" content=\"article\" \/>\n<meta property=\"og:title\" content=\"T\u00e9rminos y Condiciones | Step Inside Legal\" \/>\n<meta property=\"og:description\" content=\"Lea los t\u00e9rminos y condiciones que rigen el uso del sitio web y los servicios de Step Inside Legal.\" \/>\n<meta property=\"og:url\" content=\"https:\/\/stepinsidelegal.com\/es\/terminos-y-condiciones\/\" \/>\n<meta property=\"og:site_name\" content=\"Step Inside Legal\" \/>\n<meta property=\"article:publisher\" content=\"https:\/\/www.facebook.com\/stepinsidelegal\" \/>\n<meta property=\"article:modified_time\" content=\"2026-02-12T17:03:19+00:00\" \/>\n<meta property=\"og:image\" content=\"https:\/\/stepinsidelegal.com\/wp-content\/uploads\/2025\/08\/StepInsideLegal-Logo.png\" \/>\n\t<meta property=\"og:image:width\" content=\"1108\" \/>\n\t<meta property=\"og:image:height\" content=\"480\" \/>\n\t<meta property=\"og:image:type\" content=\"image\/png\" \/>\n<meta name=\"twitter:card\" content=\"summary_large_image\" \/>\n<meta name=\"twitter:label1\" content=\"Tiempo de lectura\" \/>\n\t<meta name=\"twitter:data1\" content=\"7 minutos\" \/>\n<script type=\"application\/ld+json\" class=\"yoast-schema-graph\">{\"@context\":\"https:\/\/schema.org\",\"@graph\":[{\"@type\":\"WebPage\",\"@id\":\"https:\/\/stepinsidelegal.com\/es\/terminos-y-condiciones\/\",\"url\":\"https:\/\/stepinsidelegal.com\/es\/terminos-y-condiciones\/\",\"name\":\"T\u00e9rminos y Condiciones | Step Inside Legal\",\"isPartOf\":{\"@id\":\"https:\/\/stepinsidelegal.com\/es\/#website\"},\"datePublished\":\"2025-10-20T16:04:11+00:00\",\"dateModified\":\"2026-02-12T17:03:19+00:00\",\"description\":\"Lea los t\u00e9rminos y condiciones que rigen el uso del sitio web y los servicios de Step Inside Legal.\",\"breadcrumb\":{\"@id\":\"https:\/\/stepinsidelegal.com\/es\/terminos-y-condiciones\/#breadcrumb\"},\"inLanguage\":\"es\",\"potentialAction\":[{\"@type\":\"ReadAction\",\"target\":[\"https:\/\/stepinsidelegal.com\/es\/terminos-y-condiciones\/\"]}]},{\"@type\":\"BreadcrumbList\",\"@id\":\"https:\/\/stepinsidelegal.com\/es\/terminos-y-condiciones\/#breadcrumb\",\"itemListElement\":[{\"@type\":\"ListItem\",\"position\":1,\"name\":\"Home\",\"item\":\"https:\/\/stepinsidelegal.com\/es\/\"},{\"@type\":\"ListItem\",\"position\":2,\"name\":\"T\u00e9rminos y condiciones\"}]},{\"@type\":\"WebSite\",\"@id\":\"https:\/\/stepinsidelegal.com\/es\/#website\",\"url\":\"https:\/\/stepinsidelegal.com\/es\/\",\"name\":\"Step Inside Legal\",\"description\":\"Legal Guidance Services\",\"publisher\":{\"@id\":\"https:\/\/stepinsidelegal.com\/es\/#organization\"},\"potentialAction\":[{\"@type\":\"SearchAction\",\"target\":{\"@type\":\"EntryPoint\",\"urlTemplate\":\"https:\/\/stepinsidelegal.com\/es\/?s={search_term_string}\"},\"query-input\":{\"@type\":\"PropertyValueSpecification\",\"valueRequired\":true,\"valueName\":\"search_term_string\"}}],\"inLanguage\":\"es\"},{\"@type\":\"Organization\",\"@id\":\"https:\/\/stepinsidelegal.com\/es\/#organization\",\"name\":\"Step Inside Legal\",\"url\":\"https:\/\/stepinsidelegal.com\/es\/\",\"logo\":{\"@type\":\"ImageObject\",\"inLanguage\":\"es\",\"@id\":\"https:\/\/stepinsidelegal.com\/es\/#\/schema\/logo\/image\/\",\"url\":\"https:\/\/stepinsidelegal.com\/wp-content\/uploads\/2024\/03\/Step-Inside-Legal-Logo.png\",\"contentUrl\":\"https:\/\/stepinsidelegal.com\/wp-content\/uploads\/2024\/03\/Step-Inside-Legal-Logo.png\",\"width\":350,\"height\":99,\"caption\":\"Step Inside Legal\"},\"image\":{\"@id\":\"https:\/\/stepinsidelegal.com\/es\/#\/schema\/logo\/image\/\"},\"sameAs\":[\"https:\/\/www.facebook.com\/stepinsidelegal\",\"https:\/\/www.instagram.com\/stepinsidelegal\/\",\"https:\/\/www.linkedin.com\/company\/step-inside-legal\/about\/\"]}]}<\/script>\n<!-- \/ Yoast SEO plugin. -->","yoast_head_json":{"title":"T\u00e9rminos y Condiciones | Step Inside Legal","description":"Lea los t\u00e9rminos y condiciones que rigen el uso del sitio web y los servicios de Step Inside Legal.","robots":{"index":"noindex","follow":"follow"},"og_locale":"es_ES","og_type":"article","og_title":"T\u00e9rminos y Condiciones | Step Inside Legal","og_description":"Lea los t\u00e9rminos y condiciones que rigen el uso del sitio web y los servicios de Step Inside Legal.","og_url":"https:\/\/stepinsidelegal.com\/es\/terminos-y-condiciones\/","og_site_name":"Step Inside Legal","article_publisher":"https:\/\/www.facebook.com\/stepinsidelegal","article_modified_time":"2026-02-12T17:03:19+00:00","og_image":[{"width":1108,"height":480,"url":"https:\/\/stepinsidelegal.com\/wp-content\/uploads\/2025\/08\/StepInsideLegal-Logo.png","type":"image\/png"}],"twitter_card":"summary_large_image","twitter_misc":{"Tiempo de lectura":"7 minutos"},"schema":{"@context":"https:\/\/schema.org","@graph":[{"@type":"WebPage","@id":"https:\/\/stepinsidelegal.com\/es\/terminos-y-condiciones\/","url":"https:\/\/stepinsidelegal.com\/es\/terminos-y-condiciones\/","name":"T\u00e9rminos y Condiciones | Step Inside Legal","isPartOf":{"@id":"https:\/\/stepinsidelegal.com\/es\/#website"},"datePublished":"2025-10-20T16:04:11+00:00","dateModified":"2026-02-12T17:03:19+00:00","description":"Lea los t\u00e9rminos y condiciones que rigen el uso del sitio web y los servicios de Step Inside Legal.","breadcrumb":{"@id":"https:\/\/stepinsidelegal.com\/es\/terminos-y-condiciones\/#breadcrumb"},"inLanguage":"es","potentialAction":[{"@type":"ReadAction","target":["https:\/\/stepinsidelegal.com\/es\/terminos-y-condiciones\/"]}]},{"@type":"BreadcrumbList","@id":"https:\/\/stepinsidelegal.com\/es\/terminos-y-condiciones\/#breadcrumb","itemListElement":[{"@type":"ListItem","position":1,"name":"Home","item":"https:\/\/stepinsidelegal.com\/es\/"},{"@type":"ListItem","position":2,"name":"T\u00e9rminos y condiciones"}]},{"@type":"WebSite","@id":"https:\/\/stepinsidelegal.com\/es\/#website","url":"https:\/\/stepinsidelegal.com\/es\/","name":"Step Inside Legal","description":"Legal Guidance Services","publisher":{"@id":"https:\/\/stepinsidelegal.com\/es\/#organization"},"potentialAction":[{"@type":"SearchAction","target":{"@type":"EntryPoint","urlTemplate":"https:\/\/stepinsidelegal.com\/es\/?s={search_term_string}"},"query-input":{"@type":"PropertyValueSpecification","valueRequired":true,"valueName":"search_term_string"}}],"inLanguage":"es"},{"@type":"Organization","@id":"https:\/\/stepinsidelegal.com\/es\/#organization","name":"Step Inside Legal","url":"https:\/\/stepinsidelegal.com\/es\/","logo":{"@type":"ImageObject","inLanguage":"es","@id":"https:\/\/stepinsidelegal.com\/es\/#\/schema\/logo\/image\/","url":"https:\/\/stepinsidelegal.com\/wp-content\/uploads\/2024\/03\/Step-Inside-Legal-Logo.png","contentUrl":"https:\/\/stepinsidelegal.com\/wp-content\/uploads\/2024\/03\/Step-Inside-Legal-Logo.png","width":350,"height":99,"caption":"Step Inside Legal"},"image":{"@id":"https:\/\/stepinsidelegal.com\/es\/#\/schema\/logo\/image\/"},"sameAs":["https:\/\/www.facebook.com\/stepinsidelegal","https:\/\/www.instagram.com\/stepinsidelegal\/","https:\/\/www.linkedin.com\/company\/step-inside-legal\/about\/"]}]}},"_links":{"self":[{"href":"https:\/\/stepinsidelegal.com\/es\/wp-json\/wp\/v2\/pages\/8635","targetHints":{"allow":["GET"]}}],"collection":[{"href":"https:\/\/stepinsidelegal.com\/es\/wp-json\/wp\/v2\/pages"}],"about":[{"href":"https:\/\/stepinsidelegal.com\/es\/wp-json\/wp\/v2\/types\/page"}],"author":[{"embeddable":true,"href":"https:\/\/stepinsidelegal.com\/es\/wp-json\/wp\/v2\/users\/1"}],"replies":[{"embeddable":true,"href":"https:\/\/stepinsidelegal.com\/es\/wp-json\/wp\/v2\/comments?post=8635"}],"version-history":[{"count":4,"href":"https:\/\/stepinsidelegal.com\/es\/wp-json\/wp\/v2\/pages\/8635\/revisions"}],"predecessor-version":[{"id":9197,"href":"https:\/\/stepinsidelegal.com\/es\/wp-json\/wp\/v2\/pages\/8635\/revisions\/9197"}],"wp:attachment":[{"href":"https:\/\/stepinsidelegal.com\/es\/wp-json\/wp\/v2\/media?parent=8635"}],"curies":[{"name":"wp","href":"https:\/\/api.w.org\/{rel}","templated":true}]}}